{"id":5931,"date":"2025-02-27T11:14:34","date_gmt":"2025-02-27T11:14:34","guid":{"rendered":"https:\/\/geckomotion.si\/izdelek\/mtb-socken-schwarz-rot\/"},"modified":"2026-03-20T12:04:14","modified_gmt":"2026-03-20T10:04:14","slug":"mtb-socken-schwarz-rot","status":"publish","type":"product","link":"https:\/\/geckomotion.si\/de\/produkt\/mtb-socken-schwarz-rot\/","title":{"rendered":"MTB-Socken &#8211; schwarz\/rot"},"content":{"rendered":"","protected":false},"excerpt":{"rendered":"<p><strong>Die Gecko MTB-Socken sind f\u00fcr anspruchsvolles Gel\u00e4nde gemacht und bieten zus\u00e4tzlichen Schutz vor St\u00f6\u00dfen, Reibung und Feuchtigkeit.<\/strong><\/p>\n","protected":false},"featured_media":5932,"comment_status":"closed","ping_status":"closed","template":"","meta":{"_acf_changed":false},"product_brand":[],"product_cat":[222],"product_tag":[],"class_list":{"0":"post-5931","1":"product","2":"type-product","3":"status-publish","4":"has-post-thumbnail","6":"product_cat-mountainbiking","8":"first","9":"outofstock","10":"taxable","11":"shipping-taxable","12":"purchasable","13":"product-type-variable"},"acf":[],"_links":{"self":[{"href":"https:\/\/geckomotion.si\/de\/wp-json\/wp\/v2\/product\/5931","targetHints":{"allow":["GET"]}}],"collection":[{"href":"https:\/\/geckomotion.si\/de\/wp-json\/wp\/v2\/product"}],"about":[{"href":"https:\/\/geckomotion.si\/de\/wp-json\/wp\/v2\/types\/product"}],"replies":[{"embeddable":true,"href":"https:\/\/geckomotion.si\/de\/wp-json\/wp\/v2\/comments?post=5931"}],"wp:featuredmedia":[{"embeddable":true,"href":"https:\/\/geckomotion.si\/de\/wp-json\/wp\/v2\/media\/5932"}],"wp:attachment":[{"href":"https:\/\/geckomotion.si\/de\/wp-json\/wp\/v2\/media?parent=5931"}],"wp:term":[{"taxonomy":"product_brand","embeddable":true,"href":"https:\/\/geckomotion.si\/de\/wp-json\/wp\/v2\/product_brand?post=5931"},{"taxonomy":"product_cat","embeddable":true,"href":"https:\/\/geckomotion.si\/de\/wp-json\/wp\/v2\/product_cat?post=5931"},{"taxonomy":"product_tag","embeddable":true,"href":"https:\/\/geckomotion.si\/de\/wp-json\/wp\/v2\/product_tag?post=5931"}],"curies":[{"name":"wp","href":"https:\/\/api.w.org\/{rel}","templated":true}]}}