{"id":5958,"date":"2025-02-27T11:14:38","date_gmt":"2025-02-27T11:14:38","guid":{"rendered":"https:\/\/geckomotion.si\/izdelek\/mtb-socken-bronze-schwarz\/"},"modified":"2026-03-20T12:04:10","modified_gmt":"2026-03-20T10:04:10","slug":"mtb-socken-bronze-schwarz","status":"publish","type":"product","link":"https:\/\/geckomotion.si\/de\/produkt\/mtb-socken-bronze-schwarz\/","title":{"rendered":"MTB Socken &#8211; Bronze\/Schwarz"},"content":{"rendered":"","protected":false},"excerpt":{"rendered":"<p><strong>Gecko MTB Socken sind f\u00fcr anspruchsvolles Gel\u00e4nde gemacht und bieten zus\u00e4tzlichen Schutz vor St\u00f6\u00dfen, Reibung und Feuchtigkeit.<br \/>\n<\/strong><\/p>\n","protected":false},"featured_media":5959,"comment_status":"closed","ping_status":"closed","template":"","meta":{"_acf_changed":false},"product_brand":[],"product_cat":[222],"product_tag":[],"class_list":{"0":"post-5958","1":"product","2":"type-product","3":"status-publish","4":"has-post-thumbnail","6":"product_cat-mountainbiking","8":"first","9":"instock","10":"taxable","11":"shipping-taxable","12":"purchasable","13":"product-type-variable"},"acf":[],"_links":{"self":[{"href":"https:\/\/geckomotion.si\/de\/wp-json\/wp\/v2\/product\/5958","targetHints":{"allow":["GET"]}}],"collection":[{"href":"https:\/\/geckomotion.si\/de\/wp-json\/wp\/v2\/product"}],"about":[{"href":"https:\/\/geckomotion.si\/de\/wp-json\/wp\/v2\/types\/product"}],"replies":[{"embeddable":true,"href":"https:\/\/geckomotion.si\/de\/wp-json\/wp\/v2\/comments?post=5958"}],"wp:featuredmedia":[{"embeddable":true,"href":"https:\/\/geckomotion.si\/de\/wp-json\/wp\/v2\/media\/5959"}],"wp:attachment":[{"href":"https:\/\/geckomotion.si\/de\/wp-json\/wp\/v2\/media?parent=5958"}],"wp:term":[{"taxonomy":"product_brand","embeddable":true,"href":"https:\/\/geckomotion.si\/de\/wp-json\/wp\/v2\/product_brand?post=5958"},{"taxonomy":"product_cat","embeddable":true,"href":"https:\/\/geckomotion.si\/de\/wp-json\/wp\/v2\/product_cat?post=5958"},{"taxonomy":"product_tag","embeddable":true,"href":"https:\/\/geckomotion.si\/de\/wp-json\/wp\/v2\/product_tag?post=5958"}],"curies":[{"name":"wp","href":"https:\/\/api.w.org\/{rel}","templated":true}]}}