{"id":6164,"date":"2025-02-27T11:14:34","date_gmt":"2025-02-27T11:14:34","guid":{"rendered":"https:\/\/geckomotion.si\/izdelek\/rennradsocken-indigo-gruen\/"},"modified":"2026-03-20T12:04:11","modified_gmt":"2026-03-20T10:04:11","slug":"rennradsocken-indigo-gruen","status":"publish","type":"product","link":"https:\/\/geckomotion.si\/de\/produkt\/rennradsocken-indigo-gruen\/","title":{"rendered":"Rennradsocken \u2013 Indigo\/Gr\u00fcn"},"content":{"rendered":"","protected":false},"excerpt":{"rendered":"<p><strong>Gecko Rennradsocken sorgen f\u00fcr optimale Atmungsaktivit\u00e4t und ein leichtes Tragegef\u00fchl, w\u00e4hrend sie bei langen Fahrten Halt bieten.<br \/>\n<\/strong><\/p>\n","protected":false},"featured_media":6165,"comment_status":"closed","ping_status":"closed","template":"","meta":{"_acf_changed":false},"product_brand":[],"product_cat":[228],"product_tag":[],"class_list":{"0":"post-6164","1":"product","2":"type-product","3":"status-publish","4":"has-post-thumbnail","6":"product_cat-radfahren","8":"first","9":"instock","10":"taxable","11":"shipping-taxable","12":"purchasable","13":"product-type-variable"},"acf":[],"_links":{"self":[{"href":"https:\/\/geckomotion.si\/de\/wp-json\/wp\/v2\/product\/6164","targetHints":{"allow":["GET"]}}],"collection":[{"href":"https:\/\/geckomotion.si\/de\/wp-json\/wp\/v2\/product"}],"about":[{"href":"https:\/\/geckomotion.si\/de\/wp-json\/wp\/v2\/types\/product"}],"replies":[{"embeddable":true,"href":"https:\/\/geckomotion.si\/de\/wp-json\/wp\/v2\/comments?post=6164"}],"wp:featuredmedia":[{"embeddable":true,"href":"https:\/\/geckomotion.si\/de\/wp-json\/wp\/v2\/media\/6165"}],"wp:attachment":[{"href":"https:\/\/geckomotion.si\/de\/wp-json\/wp\/v2\/media?parent=6164"}],"wp:term":[{"taxonomy":"product_brand","embeddable":true,"href":"https:\/\/geckomotion.si\/de\/wp-json\/wp\/v2\/product_brand?post=6164"},{"taxonomy":"product_cat","embeddable":true,"href":"https:\/\/geckomotion.si\/de\/wp-json\/wp\/v2\/product_cat?post=6164"},{"taxonomy":"product_tag","embeddable":true,"href":"https:\/\/geckomotion.si\/de\/wp-json\/wp\/v2\/product_tag?post=6164"}],"curies":[{"name":"wp","href":"https:\/\/api.w.org\/{rel}","templated":true}]}}