{"id":6227,"date":"2025-02-27T11:14:31","date_gmt":"2025-02-27T11:14:31","guid":{"rendered":"https:\/\/geckomotion.si\/izdelek\/laufsocken-blau\/"},"modified":"2026-03-20T12:04:15","modified_gmt":"2026-03-20T10:04:15","slug":"laufsocken-blau","status":"publish","type":"product","link":"https:\/\/geckomotion.si\/de\/produkt\/laufsocken-blau\/","title":{"rendered":"Laufsocken \u2013 blau"},"content":{"rendered":"","protected":false},"excerpt":{"rendered":"<p><strong>Gecko Laufsocken vereinen Leichtigkeit und D\u00e4mpfung f\u00fcr Langstreckenl\u00e4ufe \u2013 mit Verst\u00e4rkungen an den entscheidenden Stellen.<\/strong><\/p>\n","protected":false},"featured_media":6235,"comment_status":"closed","ping_status":"closed","template":"","meta":{"_acf_changed":false},"product_brand":[],"product_cat":[230],"product_tag":[],"class_list":{"0":"post-6227","1":"product","2":"type-product","3":"status-publish","4":"has-post-thumbnail","6":"product_cat-laufen","8":"first","9":"instock","10":"taxable","11":"shipping-taxable","12":"purchasable","13":"product-type-variable"},"acf":[],"_links":{"self":[{"href":"https:\/\/geckomotion.si\/de\/wp-json\/wp\/v2\/product\/6227","targetHints":{"allow":["GET"]}}],"collection":[{"href":"https:\/\/geckomotion.si\/de\/wp-json\/wp\/v2\/product"}],"about":[{"href":"https:\/\/geckomotion.si\/de\/wp-json\/wp\/v2\/types\/product"}],"replies":[{"embeddable":true,"href":"https:\/\/geckomotion.si\/de\/wp-json\/wp\/v2\/comments?post=6227"}],"wp:featuredmedia":[{"embeddable":true,"href":"https:\/\/geckomotion.si\/de\/wp-json\/wp\/v2\/media\/6235"}],"wp:attachment":[{"href":"https:\/\/geckomotion.si\/de\/wp-json\/wp\/v2\/media?parent=6227"}],"wp:term":[{"taxonomy":"product_brand","embeddable":true,"href":"https:\/\/geckomotion.si\/de\/wp-json\/wp\/v2\/product_brand?post=6227"},{"taxonomy":"product_cat","embeddable":true,"href":"https:\/\/geckomotion.si\/de\/wp-json\/wp\/v2\/product_cat?post=6227"},{"taxonomy":"product_tag","embeddable":true,"href":"https:\/\/geckomotion.si\/de\/wp-json\/wp\/v2\/product_tag?post=6227"}],"curies":[{"name":"wp","href":"https:\/\/api.w.org\/{rel}","templated":true}]}}