{"id":6266,"date":"2025-02-27T11:14:22","date_gmt":"2025-02-27T11:14:22","guid":{"rendered":"https:\/\/geckomotion.si\/izdelek\/fussballsocken-gelb\/"},"modified":"2026-04-04T10:44:28","modified_gmt":"2026-04-04T08:44:28","slug":"fussballsocken-gelb","status":"publish","type":"product","link":"https:\/\/geckomotion.si\/de\/produkt\/fussballsocken-gelb\/","title":{"rendered":"Fu\u00dfballsocken \u2013 gelb"},"content":{"rendered":"","protected":false},"excerpt":{"rendered":"<p><strong>Gecko Fu\u00dfballsocken sind f\u00fcr maximalen Grip und Komfort bei schnellen Richtungswechseln und explosiven Bewegungen auf dem Spielfeld entwickelt. Verst\u00e4rkungen und Bel\u00fcftungszonen sind strategisch platziert, um die Anforderungen des Spiels zu unterst\u00fctzen.   <\/strong><\/p>\n","protected":false},"featured_media":6431,"comment_status":"closed","ping_status":"closed","template":"","meta":{"_acf_changed":false},"product_brand":[],"product_cat":[237],"product_tag":[],"class_list":{"0":"post-6266","1":"product","2":"type-product","3":"status-publish","4":"has-post-thumbnail","6":"product_cat-fussball","8":"first","9":"instock","10":"taxable","11":"shipping-taxable","12":"purchasable","13":"product-type-variable"},"acf":[],"_links":{"self":[{"href":"https:\/\/geckomotion.si\/de\/wp-json\/wp\/v2\/product\/6266","targetHints":{"allow":["GET"]}}],"collection":[{"href":"https:\/\/geckomotion.si\/de\/wp-json\/wp\/v2\/product"}],"about":[{"href":"https:\/\/geckomotion.si\/de\/wp-json\/wp\/v2\/types\/product"}],"replies":[{"embeddable":true,"href":"https:\/\/geckomotion.si\/de\/wp-json\/wp\/v2\/comments?post=6266"}],"wp:featuredmedia":[{"embeddable":true,"href":"https:\/\/geckomotion.si\/de\/wp-json\/wp\/v2\/media\/6431"}],"wp:attachment":[{"href":"https:\/\/geckomotion.si\/de\/wp-json\/wp\/v2\/media?parent=6266"}],"wp:term":[{"taxonomy":"product_brand","embeddable":true,"href":"https:\/\/geckomotion.si\/de\/wp-json\/wp\/v2\/product_brand?post=6266"},{"taxonomy":"product_cat","embeddable":true,"href":"https:\/\/geckomotion.si\/de\/wp-json\/wp\/v2\/product_cat?post=6266"},{"taxonomy":"product_tag","embeddable":true,"href":"https:\/\/geckomotion.si\/de\/wp-json\/wp\/v2\/product_tag?post=6266"}],"curies":[{"name":"wp","href":"https:\/\/api.w.org\/{rel}","templated":true}]}}