{"id":4326,"date":"2025-02-11T10:57:40","date_gmt":"2025-02-11T08:57:40","guid":{"rendered":"https:\/\/geckomotion.si\/chi-siamo\/"},"modified":"2026-03-23T12:03:27","modified_gmt":"2026-03-23T10:03:27","slug":"chi-siamo","status":"publish","type":"page","link":"https:\/\/geckomotion.si\/it\/chi-siamo\/","title":{"rendered":"Chi siamo"},"content":{"rendered":"\n\t<section class=\"section\" id=\"section_726819819\">\n\t\t<div class=\"section-bg fill\" >\n\t\t\t\t\t\t\t\t\t\n\t\t\t\n\n\t\t<\/div>\n\n\t\t\n\n\t\t<div class=\"section-content relative\">\n\t\t\t\n<div class=\"row row-large align-middle\"  id=\"row-151957281\">\n\n\t<div id=\"col-1103699818\" class=\"col pb-0 medium-6 small-12 large-6\"  >\n\t\t\t\t<div class=\"col-inner\"  >\n\t\t\t\n\t\t\t\n<h1 class=\"uppercase\">La nostra storia<\/h1>\n<p>Gecko Motion \u00e8 un marchio sloveno che unisce la passione per lo sport, il design funzionale e la qualit\u00e0 premium europea. Il nostro obiettivo \u00e8 lo sviluppo di calze sportive antiscivolo professionali (grip socks) che offrano agli atleti maggiore stabilit\u00e0, un controllo migliore e pi\u00f9 sicurezza nei movimenti. <\/p>\n<p>L&#8217;idea alla base di Gecko Motion nasce da una semplice osservazione: le calze tradizionali spesso non soddisfano le esigenze dello sport moderno. Attraverso la nostra esperienza atletica, cercavamo calze che offrissero un grip migliore, stabilit\u00e0 e una vestibilit\u00e0 perfetta, ma non riuscivamo a trovare un prodotto simile sul mercato. Lo scivolamento del piede all&#8217;interno della scarpa, la mancanza di stabilit\u00e0 e una vestibilit\u00e0 non ottimale possono influire direttamente sulle prestazioni. Ecco perch\u00e9 abbiamo creato calze che risolvono davvero questi problemi, con un focus chiaro su aderenza, supporto e comfort.   <\/p>\n<p>Ogni paio \u00e8 sviluppato in Slovenia e prodotto in Italia, dove la tecnologia avanzata incontra la tradizione dell&#8217;artigianato tessile. Materiali accuratamente selezionati come poliammide, polipropilene e filati tecnici antiscivolo garantiscono prestazioni durature e affidabilit\u00e0. <\/p>\n\t\t<\/div>\n\t\t\t\t\t<\/div>\n\n\t\n\n\t<div id=\"col-108357817\" class=\"col pb-0 medium-6 small-12 large-6\"  >\n\t\t\t\t<div class=\"col-inner\"  >\n\t\t\t\n\t\t\t\n<div class=\"video video-fit mb\" style=\"padding-top:56.25%;\"><p><iframe loading=\"lazy\" hcb-fetch-image-from=\"https:\/\/www.youtube.com\/watch?v=Xd09vFFrwhg\" title=\"Gecko Motion \u2013 The Power Behind Every Step | Professional Sports Socks\" width=\"1020\" height=\"574\" src=\"https:\/\/www.youtube.com\/embed\/Xd09vFFrwhg?feature=oembed\" frameborder=\"0\" allow=\"accelerometer; autoplay; clipboard-write; encrypted-media; gyroscope; picture-in-picture; web-share\" referrerpolicy=\"strict-origin-when-cross-origin\" allowfullscreen><\/iframe><\/p>\n<\/div>\n\t\t<\/div>\n\t\t\t\t\n<style>\n#col-108357817 > .col-inner {\n  padding: 0px 0px 30px 0px;\n}\n<\/style>\n\t<\/div>\n\n\t\n<\/div>\n<div class=\"row row-large align-middle\"  id=\"row-326442445\">\n\n\t<div id=\"col-1934735394\" class=\"col pb-0 small-12 large-12\"  >\n\t\t\t\t<div class=\"col-inner\"  >\n\t\t\t\n\t\t\t\n\t<div id=\"text-2213460684\" class=\"text pb-0\">\n\t\t\n<p>Il nostro approccio \u00e8 semplice: niente extra inutili, nessun compromesso \u2013 solo prestazioni che puoi sentire a ogni passo.<\/p>\n<p>Siamo rappresentati da atleti di alto livello, tra cui il calciatore Aljo\u0161a Matko e l&#8217;\u00e9lite trail runner Martina Klan\u010dnik Potr\u010d, che si affidano alla massima stabilit\u00e0, controllo e affidabilit\u00e0 in condizioni impegnative. La loro fiducia dimostra che le calze Gecko danno il meglio dove conta di pi\u00f9: nelle situazioni reali. <\/p>\n<p><strong>Gecko Motion \u2013 It Fits You.<\/strong><\/p>\n\t\t\t<\/div>\n\t\n\t\t<\/div>\n\t\t\t\t\t<\/div>\n\n\t\n<\/div>\n\t\t<\/div>\n\n\t\t\n<style>\n#section_726819819 {\n  padding-top: 30px;\n  padding-bottom: 30px;\n}\n<\/style>\n\t<\/section>\n\t\n\n\t<section class=\"section\" id=\"section_947029995\">\n\t\t<div class=\"section-bg fill\" >\n\t\t\t\t\t\t\t\t\t\n\t\t\t\n\n\t\t<\/div>\n\n\t\t\n\n\t\t<div class=\"section-content relative\">\n\t\t\t\n<div class=\"row row-large align-middle\"  id=\"row-707511008\">\n\n\t<div id=\"col-2018996720\" class=\"col pb-0 medium-6 small-12 large-6\"  >\n\t\t\t\t<div class=\"col-inner\"  >\n\t\t\t\n\t\t\t\n<div class=\"video video-fit mb\" style=\"padding-top:56.25%;\"><p><iframe loading=\"lazy\" hcb-fetch-image-from=\"https:\/\/www.youtube.com\/watch?v=gAYlP3xp-MA\" title=\"8 Sports. 1 Passion. | Gecko Motion Professional Sports Socks Collection\" width=\"1020\" height=\"574\" src=\"https:\/\/www.youtube.com\/embed\/gAYlP3xp-MA?feature=oembed\" frameborder=\"0\" allow=\"accelerometer; autoplay; clipboard-write; encrypted-media; gyroscope; picture-in-picture; web-share\" referrerpolicy=\"strict-origin-when-cross-origin\" allowfullscreen><\/iframe><\/p>\n<\/div>\n\t\t<\/div>\n\t\t\t\t\t<\/div>\n\n\t\n\n\t<div id=\"col-183239430\" class=\"col pb-0 medium-6 small-12 large-6 small-col-first\"  >\n\t\t\t\t<div class=\"col-inner\"  >\n\t\t\t\n\t\t\t\n<h2 class=\"h1 uppercase\">Calze che si adattano a te<\/h2>\n<p>Le calze Gecko sono progettate con un unico obiettivo: migliorare la tua esperienza di movimento, indipendentemente dallo sport o dall&#8217;intensit\u00e0 dell&#8217;attivit\u00e0. Combinando tecnologie avanzate con un design accurato, offrono l&#8217;equilibrio ottimale tra grip, comfort e traspirabilit\u00e0. <\/p>\n<p>Il vantaggio principale \u00e8 il grip integrato (tecnologia antiscivolo), che impedisce al piede di scivolare all&#8217;interno della scarpa. Ci\u00f2 significa un contatto migliore con la superficie, reazioni pi\u00f9 rapide e una maggiore stabilit\u00e0 durante i cambi di direzione, le accelerazioni e i carichi. <\/p>\n<p>Il comfort aggiuntivo \u00e8 garantito da:<\/p>\n<ul>\n<li>ammortizzazione mirata (spugna) nelle zone ad alto impatto<\/li>\n<li>zone in mesh traspirante per un&#8217;efficace gestione dell&#8217;umidit\u00e0<\/li>\n<li>zone di compressione elastica per il supporto del piede e della caviglia<\/li>\n<li>costruzione anatomica L\/R per una vestibilit\u00e0 precisa<\/li>\n<\/ul>\n\t\t<\/div>\n\t\t\t\t\t<\/div>\n\n\t\n\n<style>\n#row-707511008 > .col > .col-inner {\n  padding: 0px 0px 30px 0px;\n}\n<\/style>\n<\/div>\n<div class=\"row row-large align-middle\"  id=\"row-2026184924\">\n\n\t<div id=\"col-542468003\" class=\"col pb-0 small-12 large-12 small-col-first\"  >\n\t\t\t\t<div class=\"col-inner\"  >\n\t\t\t\n\t\t\t\n<p>Ogni dettaglio \u00e8 sviluppato con uno scopo, basato sul feedback reale degli atleti e testato in condizioni impegnative. Dai materiali alla costruzione, ogni elemento \u00e8 perfezionato per offrire prestazioni costanti, durata e comfort. <\/p>\n<p>Ci concentriamo solo su ci\u00f2 che conta davvero: grip, stabilit\u00e0 e una sensazione di affidabilit\u00e0 in ogni movimento.<\/p>\n<p><strong>Ogni calza \u00e8 progettata per lavorare insieme alle tue calzature, non contro di esse.<\/strong><\/p>\n<a href=\"https:\/\/geckomotion.si\/it\/negozio\/\" class=\"button primary\" >\n\t\t<span>scegli le tue<\/span>\n\t<i class=\"icon-angle-right\" aria-hidden=\"true\"><\/i><\/a>\n\n\t\t<\/div>\n\t\t\t\t\t<\/div>\n\n\t\n<\/div>\n\t\t<\/div>\n\n\t\t\n<style>\n#section_947029995 {\n  padding-top: 10px;\n  padding-bottom: 10px;\n}\n@media (min-width:550px) {\n  #section_947029995 {\n    padding-top: 30px;\n    padding-bottom: 30px;\n  }\n}\n<\/style>\n\t<\/section>\n\t\n\n\t<section class=\"section\" id=\"section_831768525\">\n\t\t<div class=\"section-bg fill\" >\n\t\t\t\t\t\t\t\t\t\n\t\t\t\n\n\t\t<\/div>\n\n\t\t\n\n\t\t<div class=\"section-content relative\">\n\t\t\t\n<div class=\"row row-large align-middle\"  id=\"row-66174032\">\n\n\t<div id=\"col-645596999\" class=\"col pb-0 small-12 large-12\"  >\n\t\t\t\t<div class=\"col-inner\"  >\n\t\t\t\n\t\t\t\n<h1 class=\"uppercase\">Una soluzione specifica per ogni sport<\/h1>\n<p>Sport diversi richiedono caratteristiche diverse, ecco perch\u00e9 in Gecko Motion sviluppiamo calze su misura per le esigenze specifiche di ogni attivit\u00e0. Ogni categoria si basa sull&#8217;esperienza reale degli atleti e su continui test e miglioramenti. <\/p>\n<p>Le calze da calcio offrono il massimo grip e stabilit\u00e0 per un migliore controllo di palla, i modelli da basket offrono maggiore ammortizzazione e protezione, le calze da corsa sono leggere e traspiranti per le lunghe distanze, mentre i modelli da trail aggiungono protezione e stabilit\u00e0 extra su terreni impegnativi.<\/p>\n<p>Le calze da fitness offrono controllo e stabilit\u00e0 durante gli allenamenti, i modelli da ciclismo garantiscono traspirabilit\u00e0 e un efficiente trasferimento di potenza, le calze da MTB puntano sulla resistenza in condizioni difficili e le calze da escursionismo aggiungono comfort e protezione dagli insetti per la sicurezza all&#8217;aperto.<\/p>\n<p>Tutte le calze Gecko combinano vantaggi tecnologici chiave:<\/p>\n<ul>\n<li>grip integrato per la massima trazione e controllo<\/li>\n<li>filati tecnici per la gestione dell&#8217;umidit\u00e0 e piedi asciutti<\/li>\n<li>ammortizzazione strutturata per la protezione dagli impatti<\/li>\n<li>zone stabilizzanti per un supporto extra<\/li>\n<li>trattamento anti-insetti per l&#8217;uso all&#8217;aperto<\/li>\n<\/ul>\n<p>Ogni dettaglio ha uno scopo: pi\u00f9 stabilit\u00e0, meno scivolamento e una sensazione migliore a ogni passo.<\/p>\n<p><strong>Sviluppate in Slovenia, prodotte in Italia.<\/strong><\/p>\n\n        <section class=\"section popular-categories-section pt-0\">\n            <div class=\"section-content\">\n                <div class=\"row\">\n                    <div class=\"col small-12 large-12 pb-0\">\n                        <div class=\"col-inner\">\n                            <h2 class=\"h1 uppercase\">Categorie popolari<\/h2>\n                        <\/div>\n                    <\/div>\n                    <div class=\"col small-12 large-12\">\n                        <div class=\"col-inner\">\n                            <div class=\"row row-small priljubljene-kategorije-row\">\n                                                                                                                <div class=\"col small-12 medium-6 large-3\">\n                                                <div class=\"col-inner\">\n                                                    <div class=\"product-category-banner relative\" style=\"background-image: url(https:\/\/geckomotion.si\/wp-content\/uploads\/2025\/09\/DSC_5705-min-1024x683.jpg)\">\n                                                        <div class=\"product-category-banner-content\">\n                                                            <span class=\"category-name h3 uppercase\">Calcio<\/span>\n                                                            <a href=\"https:\/\/geckomotion.si\/it\/categoria-di-prodotto\/calcio\/\"\n                                                                class=\"button white is-outline\">Altro<\/a>\n                                                        <\/div>\n                                                    <\/div>\n                                                <\/div>\n                                            <\/div>\n                                                                                                                                                                                            <div class=\"col small-12 medium-6 large-3\">\n                                                <div class=\"col-inner\">\n                                                    <div class=\"product-category-banner relative\" style=\"background-image: url(https:\/\/geckomotion.si\/wp-content\/uploads\/2025\/12\/kosarka-1.png)\">\n                                                        <div class=\"product-category-banner-content\">\n                                                            <span class=\"category-name h3 uppercase\">Basket<\/span>\n                                                            <a href=\"https:\/\/geckomotion.si\/it\/categoria-di-prodotto\/basket\/\"\n                                                                class=\"button white is-outline\">Altro<\/a>\n                                                        <\/div>\n                                                    <\/div>\n                                                <\/div>\n                                            <\/div>\n                                                                                                                                                                                            <div class=\"col small-12 medium-6 large-3\">\n                                                <div class=\"col-inner\">\n                                                    <div class=\"product-category-banner relative\" style=\"background-image: url(https:\/\/geckomotion.si\/wp-content\/uploads\/2025\/12\/fitnes-1.png)\">\n                                                        <div class=\"product-category-banner-content\">\n                                                            <span class=\"category-name h3 uppercase\">Fitness<\/span>\n                                                            <a href=\"https:\/\/geckomotion.si\/it\/categoria-di-prodotto\/fitness\/\"\n                                                                class=\"button white is-outline\">Altro<\/a>\n                                                        <\/div>\n                                                    <\/div>\n                                                <\/div>\n                                            <\/div>\n                                                                                                                                                                                            <div class=\"col small-12 medium-6 large-3\">\n                                                <div class=\"col-inner\">\n                                                    <div class=\"product-category-banner relative\" style=\"background-image: url(https:\/\/geckomotion.si\/wp-content\/uploads\/2025\/12\/tek-1-800x533-2.png)\">\n                                                        <div class=\"product-category-banner-content\">\n                                                            <span class=\"category-name h3 uppercase\">Corsa<\/span>\n                                                            <a href=\"https:\/\/geckomotion.si\/it\/categoria-di-prodotto\/corsa\/\"\n                                                                class=\"button white is-outline\">Altro<\/a>\n                                                        <\/div>\n                                                    <\/div>\n                                                <\/div>\n                                            <\/div>\n                                                                                                                                                                                            <div class=\"col small-12 medium-6 large-3\">\n                                                <div class=\"col-inner\">\n                                                    <div class=\"product-category-banner relative\" style=\"background-image: url(https:\/\/geckomotion.si\/wp-content\/uploads\/2025\/12\/trail-800x581-2.png)\">\n                                                        <div class=\"product-category-banner-content\">\n                                                            <span class=\"category-name h3 uppercase\">Trail<\/span>\n                                                            <a href=\"https:\/\/geckomotion.si\/it\/categoria-di-prodotto\/trail\/\"\n                                                                class=\"button white is-outline\">Altro<\/a>\n                                                        <\/div>\n                                                    <\/div>\n                                                <\/div>\n                                            <\/div>\n                                                                                                                                                                                            <div class=\"col small-12 medium-6 large-3\">\n                                                <div class=\"col-inner\">\n                                                    <div class=\"product-category-banner relative\" style=\"background-image: url(https:\/\/geckomotion.si\/wp-content\/uploads\/2025\/12\/kolo-800x581-2.png)\">\n                                                        <div class=\"product-category-banner-content\">\n                                                            <span class=\"category-name h3 uppercase\">Ciclismo<\/span>\n                                                            <a href=\"https:\/\/geckomotion.si\/it\/categoria-di-prodotto\/ciclismo\/\"\n                                                                class=\"button white is-outline\">Altro<\/a>\n                                                        <\/div>\n                                                    <\/div>\n                                                <\/div>\n                                            <\/div>\n                                                                                                                                                                                            <div class=\"col small-12 medium-6 large-3\">\n                                                <div class=\"col-inner\">\n                                                    <div class=\"product-category-banner relative\" style=\"background-image: url(https:\/\/geckomotion.si\/wp-content\/uploads\/2025\/12\/gorsko-kolesarstvo-1.png)\">\n                                                        <div class=\"product-category-banner-content\">\n                                                            <span class=\"category-name h3 uppercase\">Mountain bike<\/span>\n                                                            <a href=\"https:\/\/geckomotion.si\/it\/categoria-di-prodotto\/mountain-bike\/\"\n                                                                class=\"button white is-outline\">Altro<\/a>\n                                                        <\/div>\n                                                    <\/div>\n                                                <\/div>\n                                            <\/div>\n                                                                                                                                                                                            <div class=\"col small-12 medium-6 large-3\">\n                                                <div class=\"col-inner\">\n                                                    <div class=\"product-category-banner relative\" style=\"background-image: url(https:\/\/geckomotion.si\/wp-content\/uploads\/2025\/12\/pohod-800x581-2.png)\">\n                                                        <div class=\"product-category-banner-content\">\n                                                            <span class=\"category-name h3 uppercase\">Trekking<\/span>\n                                                            <a href=\"https:\/\/geckomotion.si\/it\/categoria-di-prodotto\/trekking\/\"\n                                                                class=\"button white is-outline\">Altro<\/a>\n                                                        <\/div>\n                                                    <\/div>\n                                                <\/div>\n                                            <\/div>\n                                                                                                                                        <\/div>\n                        <\/div>\n                    <\/div>\n                <\/div>\n            <\/div>\n        <\/section>\n\n\n\t\t<\/div>\n\t\t\t\t\t<\/div>\n\n\t\n<\/div>\n\t\t<\/div>\n\n\t\t\n<style>\n#section_831768525 {\n  padding-top: 30px;\n  padding-bottom: 30px;\n}\n<\/style>\n\t<\/section>\n\t\n\n\t<section class=\"section\" id=\"section_1212301022\">\n\t\t<div class=\"section-bg fill\" >\n\t\t\t\t\t\t\t\t\t\n\t\t\t\n\n\t\t<\/div>\n\n\t\t\n\n\t\t<div class=\"section-content relative\">\n\t\t\t\n<div class=\"row row-large align-middle\"  id=\"row-477019615\">\n\n\t<div id=\"col-434652110\" class=\"col medium-6 small-12 large-6\"  >\n\t\t\t\t<div class=\"col-inner\"  >\n\t\t\t\n\t\t\t\n<h2 class=\"h1 uppercase\">Contattaci<\/h2>\n<p>Anche se non abbiamo un negozio fisico, le nostre porte virtuali sono sempre aperte.<\/p>\n<p>Non esitare a contattarci per qualsiasi domanda, feedback o richiesta di assistenza tramite i recapiti, i social media o il modulo di contatto.<\/p>\n<p>Siamo qui per aiutarti: la tua soddisfazione \u00e8 la nostra priorit\u00e0.<\/p>\n\n<div class=\"about-us-contact-info\"><a class=\"about-us-contact-info-item\" href=\"tel:0038640980023\"><img loading=\"lazy\" decoding=\"async\" src=\"\/wp-content\/uploads\/2025\/02\/fon-01-1.svg\" alt=\"Telefono\" width=\"24\" height=\"24\">+386 (40) 98 00 23<\/a><a class=\"about-us-contact-info-item\" href=\"mailto:info@geckomotion.si\"><img loading=\"lazy\" decoding=\"async\" src=\"\/wp-content\/uploads\/2025\/02\/mail-04-1.svg\" alt=\"E-mail\" width=\"24\" height=\"24\">info@geckomotion.si<\/a><\/div>\n\n\t\t<\/div>\n\t\t\t\t\t<\/div>\n\n\t\n\n\t<div id=\"col-2108113762\" class=\"col pb-0 medium-6 small-12 large-6\"  >\n\t\t\t\t<div class=\"col-inner\"  >\n\t\t\t\n\t\t\t\n\n<div class=\"wpcf7 no-js\" id=\"wpcf7-f4738-o1\" lang=\"it-IT\" dir=\"ltr\" data-wpcf7-id=\"4738\">\n<div class=\"screen-reader-response\"><p role=\"status\" aria-live=\"polite\" aria-atomic=\"true\"><\/p> <ul><\/ul><\/div>\n<form action=\"\/it\/wp-json\/wp\/v2\/pages\/4326#wpcf7-f4738-o1\" method=\"post\" class=\"wpcf7-form init\" aria-label=\"Modulo di contatto\" novalidate=\"novalidate\" data-status=\"init\">\n<fieldset class=\"hidden-fields-container\"><input type=\"hidden\" name=\"_wpcf7\" value=\"4738\" \/><input type=\"hidden\" name=\"_wpcf7_version\" value=\"6.1.5\" \/><input type=\"hidden\" name=\"_wpcf7_locale\" value=\"it_IT\" \/><input type=\"hidden\" name=\"_wpcf7_unit_tag\" value=\"wpcf7-f4738-o1\" \/><input type=\"hidden\" name=\"_wpcf7_container_post\" value=\"0\" \/><input type=\"hidden\" name=\"_wpcf7_posted_data_hash\" value=\"\" \/><input type=\"hidden\" name=\"_wpcf7_recaptcha_response\" value=\"\" \/>\n<\/fieldset>\n<p><span class=\"wpcf7-form-control-wrap\" data-name=\"your-name\"><input size=\"40\" maxlength=\"400\" class=\"wpcf7-form-control wpcf7-text wpcf7-validates-as-required\" autocomplete=\"name\" aria-required=\"true\" aria-invalid=\"false\" placeholder=\"Nome\" value=\"\" type=\"text\" name=\"your-name\" \/><\/span><br \/>\n<span class=\"wpcf7-form-control-wrap\" data-name=\"your-email\"><input size=\"40\" maxlength=\"400\" class=\"wpcf7-form-control wpcf7-email wpcf7-validates-as-required wpcf7-text wpcf7-validates-as-email\" autocomplete=\"email\" aria-required=\"true\" aria-invalid=\"false\" placeholder=\"E-mail\" value=\"\" type=\"email\" name=\"your-email\" \/><\/span><br \/>\n<span class=\"wpcf7-form-control-wrap\" data-name=\"your-message\"><textarea cols=\"40\" rows=\"10\" maxlength=\"2000\" class=\"wpcf7-form-control wpcf7-textarea\" aria-invalid=\"false\" placeholder=\"Messaggio\" name=\"your-message\"><\/textarea><\/span>\n<\/p>\n<p><input class=\"wpcf7-form-control wpcf7-submit has-spinner\" type=\"submit\" value=\"Invia\" \/>\n<\/p><div class=\"wpcf7-response-output\" aria-hidden=\"true\"><\/div>\n<\/form>\n<\/div>\n\n\t\t<\/div>\n\t\t\t\t\n<style>\n#col-2108113762 > .col-inner {\n  padding: 0px 0px 0px 0px;\n}\n<\/style>\n\t<\/div>\n\n\t\n<\/div>\n\t\t<\/div>\n\n\t\t\n<style>\n#section_1212301022 {\n  padding-top: 10px;\n  padding-bottom: 10px;\n}\n@media (min-width:550px) {\n  #section_1212301022 {\n    padding-top: 30px;\n    padding-bottom: 30px;\n  }\n}\n<\/style>\n\t<\/section>\n\t\n","protected":false},"excerpt":{"rendered":"","protected":false},"author":1,"featured_media":0,"parent":0,"menu_order":0,"comment_status":"closed","ping_status":"closed","template":"page-templates\/page-about-us.php","meta":{"_acf_changed":false,"footnotes":""},"class_list":["post-4326","page","type-page","status-publish","hentry"],"acf":[],"_links":{"self":[{"href":"https:\/\/geckomotion.si\/it\/wp-json\/wp\/v2\/pages\/4326","targetHints":{"allow":["GET"]}}],"collection":[{"href":"https:\/\/geckomotion.si\/it\/wp-json\/wp\/v2\/pages"}],"about":[{"href":"https:\/\/geckomotion.si\/it\/wp-json\/wp\/v2\/types\/page"}],"author":[{"embeddable":true,"href":"https:\/\/geckomotion.si\/it\/wp-json\/wp\/v2\/users\/1"}],"replies":[{"embeddable":true,"href":"https:\/\/geckomotion.si\/it\/wp-json\/wp\/v2\/comments?post=4326"}],"version-history":[{"count":3,"href":"https:\/\/geckomotion.si\/it\/wp-json\/wp\/v2\/pages\/4326\/revisions"}],"predecessor-version":[{"id":6486,"href":"https:\/\/geckomotion.si\/it\/wp-json\/wp\/v2\/pages\/4326\/revisions\/6486"}],"wp:attachment":[{"href":"https:\/\/geckomotion.si\/it\/wp-json\/wp\/v2\/media?parent=4326"}],"curies":[{"name":"wp","href":"https:\/\/api.w.org\/{rel}","templated":true}]}}